{"id":141,"date":"2022-10-18T08:34:02","date_gmt":"2022-10-18T06:34:02","guid":{"rendered":"https:\/\/dida-t.hr\/about-us\/"},"modified":"2022-12-16T12:22:10","modified_gmt":"2022-12-16T11:22:10","slug":"about-us","status":"publish","type":"page","link":"https:\/\/dida-t.hr\/en\/about-us\/","title":{"rendered":"About us"},"content":{"rendered":"\n<p><\/p>\n\n<div>\n<div class=\"about-wrapper\">\n<h2>About us<\/h2>\n<p>E-mail address: <a href=\"mailto:taxi@dida-t.hr\">taxi@dida-t.hr<\/a><\/p>\n<p>Phone number: <a href=\"tel:+385998588241\">+385 99 858 8241<\/a><\/p>\n<p>DIDA - T, trade for transport services<br\/>ow. Tomislav Katu\u0161i\u0107<br\/>OIB: 71688152610<br\/>HQ: Zagreb, Kiki\u0107eva ulica 24, Croatia<\/p>\n<\/div>\n<\/div>\n\n<p class=\"has-text-align-left max-width-75ch\">Dida - T was founded in 2018 in Zagreb, while we have been offering taxi driving experience since 2012. we can also boast many kilometers and satisfied customers. We are one of the many taxi services in Zagreb that provides personal and business trips by car throughout Zagreb and its surroundings.<br\/><br\/>We offer a driving service 7 days a week, 365 days a year. Our goal is to provide a professional and affordable service.<\/p>\n\n<h2 class=\"has-text-align-left max-width-75ch wp-block-heading\">Intercity transfer<\/h2>\n\n<p class=\"has-text-align-left max-width-75ch\">Whether you are looking for a transfer to the airport for work or pleasure, or you are running late for work and have no other options, or you need a transfer late at night - we are here for you.<\/p>\n\n<h2 class=\"has-text-align-left max-width-75ch wp-block-heading\">Our passenger transportation services include:<\/h2>\n\n<ul class=\"max-width-75ch wp-block-list\">\n<li>City taxi transport of passengers <\/li>\n\n\n\n<li>Intercity passenger transport <\/li>\n\n\n\n<li>Transportation from the airport to the city and vice versa<\/li>\n\n\n\n<li>Booking a taxi ride for a specific time <\/li>\n\n\n\n<li>Online orders and ride reservations<\/li>\n<\/ul>\n\n<p class=\"has-text-align-left max-width-75ch\"><br\/>Our helpful and reliable staff is always there to help you and we are available on +385 99 858 8241.<\/p>\n\n<h2 class=\"has-text-align-left max-width-75ch wp-block-heading\"><strong>What makes us stand out is<\/strong>:<\/h2>\n\n<ul class=\"max-width-75ch wp-block-list\">\n<li>Meet and greet service on request<\/li>\n\n\n\n<li>Comfortable and clean vehicles<\/li>\n\n\n\n<li>Helpful and friendly drivers<\/li>\n\n\n\n<li>Transfers to the airport<\/li>\n\n\n\n<li>Accurate, reliable service at all times<\/li>\n<\/ul>\n\n<p class=\"has-text-align-left max-width-75ch\">If you have any questions, please feel free to contact us or book through the online system.<br\/>Na Vama je da si isplanirate put vo\u017enje, i na koji na\u010din \u0107ete rezervirati vo\u017enju, a na nama je ostalo.<br\/>It is up to you to plan your driving route and how you will book the ride, and the rest is up to us.<\/p>\n","protected":false},"excerpt":{"rendered":"<p>About us E-mail address: taxi@dida-t.hr Phone number: +385 99 858 8241 DIDA - T, trade for transport servicesow. Tomislav Katu\u0161i\u0107OIB: 71688152610HQ: Zagreb, Kiki\u0107eva ulica 24, Croatia Dida - T was founded in 2018 in Zagreb, while we have been offering taxi driving experience since 2012. we can also boast many kilometers and satisfied customers. We [&hellip;]<\/p>\n","protected":false},"author":1,"featured_media":0,"parent":0,"menu_order":0,"comment_status":"closed","ping_status":"closed","template":"","meta":{"inline_featured_image":false,"footnotes":""},"class_list":["post-141","page","type-page","status-publish","hentry"],"_links":{"self":[{"href":"https:\/\/dida-t.hr\/en\/wp-json\/wp\/v2\/pages\/141","targetHints":{"allow":["GET"]}}],"collection":[{"href":"https:\/\/dida-t.hr\/en\/wp-json\/wp\/v2\/pages"}],"about":[{"href":"https:\/\/dida-t.hr\/en\/wp-json\/wp\/v2\/types\/page"}],"author":[{"embeddable":true,"href":"https:\/\/dida-t.hr\/en\/wp-json\/wp\/v2\/users\/1"}],"replies":[{"embeddable":true,"href":"https:\/\/dida-t.hr\/en\/wp-json\/wp\/v2\/comments?post=141"}],"version-history":[{"count":1,"href":"https:\/\/dida-t.hr\/en\/wp-json\/wp\/v2\/pages\/141\/revisions"}],"predecessor-version":[{"id":142,"href":"https:\/\/dida-t.hr\/en\/wp-json\/wp\/v2\/pages\/141\/revisions\/142"}],"wp:attachment":[{"href":"https:\/\/dida-t.hr\/en\/wp-json\/wp\/v2\/media?parent=141"}],"curies":[{"name":"wp","href":"https:\/\/api.w.org\/{rel}","templated":true}]}}